{"id":37,"date":"2010-09-06T16:29:03","date_gmt":"2010-09-06T16:29:03","guid":{"rendered":"http:\/\/pyjama-orangerie.com\/blog\/?page_id=37"},"modified":"2010-11-26T09:24:36","modified_gmt":"2010-11-26T09:24:36","slug":"faire-des-cadeaux","status":"publish","type":"page","link":"http:\/\/www.pyjama-orangerie.com\/blog\/faire-des-cadeaux","title":{"rendered":"Faire des cadeaux"},"content":{"rendered":"<p style=\"text-align: justify;\"><strong>Envie de faire un cadeau ?<\/strong><\/p>\n<p style=\"text-align: justify;\"><a href=\"http:\/\/pyjama-orangerie.com\/blog\/wp-content\/uploads\/2010\/09\/cadeau.jpg\"><img decoding=\"async\" loading=\"lazy\" class=\"size-full wp-image-188 alignleft\" title=\"cadeau\" src=\"http:\/\/pyjama-orangerie.com\/blog\/wp-content\/uploads\/2010\/09\/cadeau.jpg\" alt=\"\" width=\"128\" height=\"119\" \/><\/a>Sur <a title=\"Qu'est ce que l'orangerie\" href=\"http:\/\/www.pyjama-orangerie.com-maj\/blog\/qui-sommes-nous\"><strong>L&rsquo;orangerie<\/strong><\/a>, vous avez la possibilit\u00e9 de faire plaisir \u00e0 la personne de votre choix en lui envoyant directement son article , <a title=\"Pyjamas fille\" href=\"..\/..\/3-pyjama-fille\"><strong>pyjamas filles<\/strong><\/a> ou\u00a0<a title=\"Pyjamas gar\u00e7on\" href=\"..\/..\/8-pyjama-garcon\"><strong>pyjamas gar\u00e7on<\/strong><\/a> chez elle. Pour cela, il vous d&rsquo;entrer son adresse en tant qu&rsquo;adresse de livraison.<\/p>\n<p style=\"text-align: justify;\">Le colis peut \u00e9galement \u00eatre accompagn\u00e9 d&rsquo;un<strong> message<\/strong> de votre part. Il vous suffit de cocher cette option lors de votre commande.<\/p>\n<p style=\"text-align: justify;\">Offrez \u00e0 vos proches le parfait pr\u00e9sent&#8230; tout simplement.<\/p>\n","protected":false},"excerpt":{"rendered":"<p>Envie de faire un cadeau ? Sur L&rsquo;orangerie, vous avez la possibilit\u00e9 de faire plaisir \u00e0 la personne de votre choix en lui envoyant directement son article , pyjamas filles ou\u00a0pyjamas gar\u00e7on chez elle. Pour cela, il vous d&rsquo;entrer son adresse en tant qu&rsquo;adresse de livraison. Le colis peut \u00e9galement \u00eatre accompagn\u00e9 d&rsquo;un message de [&hellip;]<\/p>\n","protected":false},"author":1,"featured_media":0,"parent":0,"menu_order":0,"comment_status":"open","ping_status":"open","template":"","meta":[],"yoast_head":"<!-- This site is optimized with the Yoast SEO plugin v19.14 - https:\/\/yoast.com\/wordpress\/plugins\/seo\/ -->\n<title>Faire des cadeaux - L&#039;orangerie<\/title>\n<meta name=\"robots\" content=\"index, follow, max-snippet:-1, max-image-preview:large, max-video-preview:-1\" \/>\n<link rel=\"canonical\" href=\"http:\/\/www.pyjama-orangerie.com\/blog\/faire-des-cadeaux\" \/>\n<meta property=\"og:locale\" content=\"fr_FR\" \/>\n<meta property=\"og:type\" content=\"article\" \/>\n<meta property=\"og:title\" content=\"Faire des cadeaux - L&#039;orangerie\" \/>\n<meta property=\"og:description\" content=\"Envie de faire un cadeau ? Sur L&rsquo;orangerie, vous avez la possibilit\u00e9 de faire plaisir \u00e0 la personne de votre choix en lui envoyant directement son article , pyjamas filles ou\u00a0pyjamas gar\u00e7on chez elle. Pour cela, il vous d&rsquo;entrer son adresse en tant qu&rsquo;adresse de livraison. Le colis peut \u00e9galement \u00eatre accompagn\u00e9 d&rsquo;un message de [&hellip;]\" \/>\n<meta property=\"og:url\" content=\"http:\/\/www.pyjama-orangerie.com\/blog\/faire-des-cadeaux\" \/>\n<meta property=\"og:site_name\" content=\"L&#039;orangerie\" \/>\n<meta property=\"article:publisher\" content=\"https:\/\/www.facebook.com\/pyjama.lorangerie\" \/>\n<meta property=\"article:modified_time\" content=\"2010-11-26T09:24:36+00:00\" \/>\n<meta property=\"og:image\" content=\"http:\/\/pyjama-orangerie.com\/blog\/wp-content\/uploads\/2010\/09\/cadeau.jpg\" \/>\n<script type=\"application\/ld+json\" class=\"yoast-schema-graph\">{\"@context\":\"https:\/\/schema.org\",\"@graph\":[{\"@type\":\"WebPage\",\"@id\":\"http:\/\/www.pyjama-orangerie.com\/blog\/faire-des-cadeaux\",\"url\":\"http:\/\/www.pyjama-orangerie.com\/blog\/faire-des-cadeaux\",\"name\":\"Faire des cadeaux - L&#039;orangerie\",\"isPartOf\":{\"@id\":\"https:\/\/www.pyjama-orangerie.com\/blog\/#website\"},\"datePublished\":\"2010-09-06T16:29:03+00:00\",\"dateModified\":\"2010-11-26T09:24:36+00:00\",\"breadcrumb\":{\"@id\":\"http:\/\/www.pyjama-orangerie.com\/blog\/faire-des-cadeaux#breadcrumb\"},\"inLanguage\":\"fr-FR\",\"potentialAction\":[{\"@type\":\"ReadAction\",\"target\":[\"http:\/\/www.pyjama-orangerie.com\/blog\/faire-des-cadeaux\"]}]},{\"@type\":\"BreadcrumbList\",\"@id\":\"http:\/\/www.pyjama-orangerie.com\/blog\/faire-des-cadeaux#breadcrumb\",\"itemListElement\":[{\"@type\":\"ListItem\",\"position\":1,\"name\":\"Accueil\",\"item\":\"https:\/\/www.pyjama-orangerie.com\/blog\"},{\"@type\":\"ListItem\",\"position\":2,\"name\":\"Faire des cadeaux\"}]},{\"@type\":\"WebSite\",\"@id\":\"https:\/\/www.pyjama-orangerie.com\/blog\/#website\",\"url\":\"https:\/\/www.pyjama-orangerie.com\/blog\/\",\"name\":\"L&#039;orangerie\",\"description\":\"\",\"potentialAction\":[{\"@type\":\"SearchAction\",\"target\":{\"@type\":\"EntryPoint\",\"urlTemplate\":\"https:\/\/www.pyjama-orangerie.com\/blog\/?s={search_term_string}\"},\"query-input\":\"required name=search_term_string\"}],\"inLanguage\":\"fr-FR\"}]}<\/script>\n<!-- \/ Yoast SEO plugin. -->","yoast_head_json":{"title":"Faire des cadeaux - L&#039;orangerie","robots":{"index":"index","follow":"follow","max-snippet":"max-snippet:-1","max-image-preview":"max-image-preview:large","max-video-preview":"max-video-preview:-1"},"canonical":"http:\/\/www.pyjama-orangerie.com\/blog\/faire-des-cadeaux","og_locale":"fr_FR","og_type":"article","og_title":"Faire des cadeaux - L&#039;orangerie","og_description":"Envie de faire un cadeau ? Sur L&rsquo;orangerie, vous avez la possibilit\u00e9 de faire plaisir \u00e0 la personne de votre choix en lui envoyant directement son article , pyjamas filles ou\u00a0pyjamas gar\u00e7on chez elle. Pour cela, il vous d&rsquo;entrer son adresse en tant qu&rsquo;adresse de livraison. Le colis peut \u00e9galement \u00eatre accompagn\u00e9 d&rsquo;un message de [&hellip;]","og_url":"http:\/\/www.pyjama-orangerie.com\/blog\/faire-des-cadeaux","og_site_name":"L&#039;orangerie","article_publisher":"https:\/\/www.facebook.com\/pyjama.lorangerie","article_modified_time":"2010-11-26T09:24:36+00:00","og_image":[{"url":"http:\/\/pyjama-orangerie.com\/blog\/wp-content\/uploads\/2010\/09\/cadeau.jpg"}],"schema":{"@context":"https:\/\/schema.org","@graph":[{"@type":"WebPage","@id":"http:\/\/www.pyjama-orangerie.com\/blog\/faire-des-cadeaux","url":"http:\/\/www.pyjama-orangerie.com\/blog\/faire-des-cadeaux","name":"Faire des cadeaux - L&#039;orangerie","isPartOf":{"@id":"https:\/\/www.pyjama-orangerie.com\/blog\/#website"},"datePublished":"2010-09-06T16:29:03+00:00","dateModified":"2010-11-26T09:24:36+00:00","breadcrumb":{"@id":"http:\/\/www.pyjama-orangerie.com\/blog\/faire-des-cadeaux#breadcrumb"},"inLanguage":"fr-FR","potentialAction":[{"@type":"ReadAction","target":["http:\/\/www.pyjama-orangerie.com\/blog\/faire-des-cadeaux"]}]},{"@type":"BreadcrumbList","@id":"http:\/\/www.pyjama-orangerie.com\/blog\/faire-des-cadeaux#breadcrumb","itemListElement":[{"@type":"ListItem","position":1,"name":"Accueil","item":"https:\/\/www.pyjama-orangerie.com\/blog"},{"@type":"ListItem","position":2,"name":"Faire des cadeaux"}]},{"@type":"WebSite","@id":"https:\/\/www.pyjama-orangerie.com\/blog\/#website","url":"https:\/\/www.pyjama-orangerie.com\/blog\/","name":"L&#039;orangerie","description":"","potentialAction":[{"@type":"SearchAction","target":{"@type":"EntryPoint","urlTemplate":"https:\/\/www.pyjama-orangerie.com\/blog\/?s={search_term_string}"},"query-input":"required name=search_term_string"}],"inLanguage":"fr-FR"}]}},"_links":{"self":[{"href":"http:\/\/www.pyjama-orangerie.com\/blog\/wp-json\/wp\/v2\/pages\/37"}],"collection":[{"href":"http:\/\/www.pyjama-orangerie.com\/blog\/wp-json\/wp\/v2\/pages"}],"about":[{"href":"http:\/\/www.pyjama-orangerie.com\/blog\/wp-json\/wp\/v2\/types\/page"}],"author":[{"embeddable":true,"href":"http:\/\/www.pyjama-orangerie.com\/blog\/wp-json\/wp\/v2\/users\/1"}],"replies":[{"embeddable":true,"href":"http:\/\/www.pyjama-orangerie.com\/blog\/wp-json\/wp\/v2\/comments?post=37"}],"version-history":[{"count":7,"href":"http:\/\/www.pyjama-orangerie.com\/blog\/wp-json\/wp\/v2\/pages\/37\/revisions"}],"predecessor-version":[{"id":40,"href":"http:\/\/www.pyjama-orangerie.com\/blog\/wp-json\/wp\/v2\/pages\/37\/revisions\/40"}],"wp:attachment":[{"href":"http:\/\/www.pyjama-orangerie.com\/blog\/wp-json\/wp\/v2\/media?parent=37"}],"curies":[{"name":"wp","href":"https:\/\/api.w.org\/{rel}","templated":true}]}}