{"id":69,"date":"2010-09-07T12:24:53","date_gmt":"2010-09-07T12:24:53","guid":{"rendered":"http:\/\/pyjama-orangerie.com\/blog\/?page_id=69"},"modified":"2013-05-29T09:26:10","modified_gmt":"2013-05-29T09:26:10","slug":"paiement-securise","status":"publish","type":"page","link":"http:\/\/www.pyjama-orangerie.com\/blog\/paiement-securise","title":{"rendered":"Paiement s\u00e9curis\u00e9"},"content":{"rendered":"<p style=\"text-align: justify;\">Vous souhaitez acheter sur L&rsquo;Orangerie ?<\/p>\n<p style=\"text-align: justify;\"><a href=\"http:\/\/pyjama-orangerie.com\/blog\/wp-content\/uploads\/2010\/09\/cb.jpg\"><img decoding=\"async\" loading=\"lazy\" class=\"size-full wp-image-155 alignleft\" title=\"cb\" src=\"http:\/\/pyjama-orangerie.com\/blog\/wp-content\/uploads\/2010\/09\/cb.jpg\" alt=\"\" width=\"66\" height=\"38\" \/><\/a>Le paiement par<strong> carte bancaire<\/strong> est un moyen SIMPLE, RAPIDE et SECURISE pour acheter vos produits en ligne. L&rsquo;Orangerie vous garantit la plus grande s\u00e9curit\u00e9 : toutes les donn\u00e9es que vous saisirez en ligne seront imm\u00e9diatement crypt\u00e9es et enregistr\u00e9es sur un serveur s\u00e9curis\u00e9.<\/p>\n<p style=\"text-align: justify;\">Le paiement par carte bancaire s\u2019effectue en partenariat avec la <strong>Soci\u00e9t\u00e9 G\u00e9n\u00e9rale<\/strong> qui utilise la norme de <strong>cryptage SSL<\/strong>. Ainsi, vos donn\u00e9es bancaires ne circulent pas en clair sur le web et sont stock\u00e9es sur les <strong>serveurs ultra-s\u00e9curis\u00e9s<\/strong> de la banque.<\/p>\n<p style=\"text-align: justify;\">\n<p style=\"text-align: center;\"><a href=\"http:\/\/www.pyjama-orangerie.com-maj\/blog\/wp-content\/uploads\/2010\/09\/soci\u00e9t\u00e9-g\u00e9n\u00e9rale.jpg\"><\/a><\/p>\n<p style=\"text-align: justify;\">\n","protected":false},"excerpt":{"rendered":"<p>Vous souhaitez acheter sur L&rsquo;Orangerie ? Le paiement par carte bancaire est un moyen SIMPLE, RAPIDE et SECURISE pour acheter vos produits en ligne. L&rsquo;Orangerie vous garantit la plus grande s\u00e9curit\u00e9 : toutes les donn\u00e9es que vous saisirez en ligne seront imm\u00e9diatement crypt\u00e9es et enregistr\u00e9es sur un serveur s\u00e9curis\u00e9. Le paiement par carte bancaire s\u2019effectue [&hellip;]<\/p>\n","protected":false},"author":1,"featured_media":0,"parent":0,"menu_order":0,"comment_status":"open","ping_status":"open","template":"","meta":[],"yoast_head":"<!-- This site is optimized with the Yoast SEO plugin v19.14 - https:\/\/yoast.com\/wordpress\/plugins\/seo\/ -->\n<title>Paiement s\u00e9curis\u00e9 - L&#039;orangerie<\/title>\n<meta name=\"robots\" content=\"index, follow, max-snippet:-1, max-image-preview:large, max-video-preview:-1\" \/>\n<link rel=\"canonical\" href=\"http:\/\/www.pyjama-orangerie.com\/blog\/paiement-securise\" \/>\n<meta property=\"og:locale\" content=\"fr_FR\" \/>\n<meta property=\"og:type\" content=\"article\" \/>\n<meta property=\"og:title\" content=\"Paiement s\u00e9curis\u00e9 - L&#039;orangerie\" \/>\n<meta property=\"og:description\" content=\"Vous souhaitez acheter sur L&rsquo;Orangerie ? Le paiement par carte bancaire est un moyen SIMPLE, RAPIDE et SECURISE pour acheter vos produits en ligne. L&rsquo;Orangerie vous garantit la plus grande s\u00e9curit\u00e9 : toutes les donn\u00e9es que vous saisirez en ligne seront imm\u00e9diatement crypt\u00e9es et enregistr\u00e9es sur un serveur s\u00e9curis\u00e9. Le paiement par carte bancaire s\u2019effectue [&hellip;]\" \/>\n<meta property=\"og:url\" content=\"http:\/\/www.pyjama-orangerie.com\/blog\/paiement-securise\" \/>\n<meta property=\"og:site_name\" content=\"L&#039;orangerie\" \/>\n<meta property=\"article:publisher\" content=\"https:\/\/www.facebook.com\/pyjama.lorangerie\" \/>\n<meta property=\"article:modified_time\" content=\"2013-05-29T09:26:10+00:00\" \/>\n<meta property=\"og:image\" content=\"http:\/\/pyjama-orangerie.com\/blog\/wp-content\/uploads\/2010\/09\/cb.jpg\" \/>\n<meta name=\"twitter:label1\" content=\"Dur\u00e9e de lecture estim\u00e9e\" \/>\n\t<meta name=\"twitter:data1\" content=\"1 minute\" \/>\n<script type=\"application\/ld+json\" class=\"yoast-schema-graph\">{\"@context\":\"https:\/\/schema.org\",\"@graph\":[{\"@type\":\"WebPage\",\"@id\":\"http:\/\/www.pyjama-orangerie.com\/blog\/paiement-securise\",\"url\":\"http:\/\/www.pyjama-orangerie.com\/blog\/paiement-securise\",\"name\":\"Paiement s\u00e9curis\u00e9 - L&#039;orangerie\",\"isPartOf\":{\"@id\":\"https:\/\/www.pyjama-orangerie.com\/blog\/#website\"},\"datePublished\":\"2010-09-07T12:24:53+00:00\",\"dateModified\":\"2013-05-29T09:26:10+00:00\",\"breadcrumb\":{\"@id\":\"http:\/\/www.pyjama-orangerie.com\/blog\/paiement-securise#breadcrumb\"},\"inLanguage\":\"fr-FR\",\"potentialAction\":[{\"@type\":\"ReadAction\",\"target\":[\"http:\/\/www.pyjama-orangerie.com\/blog\/paiement-securise\"]}]},{\"@type\":\"BreadcrumbList\",\"@id\":\"http:\/\/www.pyjama-orangerie.com\/blog\/paiement-securise#breadcrumb\",\"itemListElement\":[{\"@type\":\"ListItem\",\"position\":1,\"name\":\"Accueil\",\"item\":\"https:\/\/www.pyjama-orangerie.com\/blog\"},{\"@type\":\"ListItem\",\"position\":2,\"name\":\"Paiement s\u00e9curis\u00e9\"}]},{\"@type\":\"WebSite\",\"@id\":\"https:\/\/www.pyjama-orangerie.com\/blog\/#website\",\"url\":\"https:\/\/www.pyjama-orangerie.com\/blog\/\",\"name\":\"L&#039;orangerie\",\"description\":\"\",\"potentialAction\":[{\"@type\":\"SearchAction\",\"target\":{\"@type\":\"EntryPoint\",\"urlTemplate\":\"https:\/\/www.pyjama-orangerie.com\/blog\/?s={search_term_string}\"},\"query-input\":\"required name=search_term_string\"}],\"inLanguage\":\"fr-FR\"}]}<\/script>\n<!-- \/ Yoast SEO plugin. -->","yoast_head_json":{"title":"Paiement s\u00e9curis\u00e9 - L&#039;orangerie","robots":{"index":"index","follow":"follow","max-snippet":"max-snippet:-1","max-image-preview":"max-image-preview:large","max-video-preview":"max-video-preview:-1"},"canonical":"http:\/\/www.pyjama-orangerie.com\/blog\/paiement-securise","og_locale":"fr_FR","og_type":"article","og_title":"Paiement s\u00e9curis\u00e9 - L&#039;orangerie","og_description":"Vous souhaitez acheter sur L&rsquo;Orangerie ? Le paiement par carte bancaire est un moyen SIMPLE, RAPIDE et SECURISE pour acheter vos produits en ligne. L&rsquo;Orangerie vous garantit la plus grande s\u00e9curit\u00e9 : toutes les donn\u00e9es que vous saisirez en ligne seront imm\u00e9diatement crypt\u00e9es et enregistr\u00e9es sur un serveur s\u00e9curis\u00e9. Le paiement par carte bancaire s\u2019effectue [&hellip;]","og_url":"http:\/\/www.pyjama-orangerie.com\/blog\/paiement-securise","og_site_name":"L&#039;orangerie","article_publisher":"https:\/\/www.facebook.com\/pyjama.lorangerie","article_modified_time":"2013-05-29T09:26:10+00:00","og_image":[{"url":"http:\/\/pyjama-orangerie.com\/blog\/wp-content\/uploads\/2010\/09\/cb.jpg"}],"twitter_misc":{"Dur\u00e9e de lecture estim\u00e9e":"1 minute"},"schema":{"@context":"https:\/\/schema.org","@graph":[{"@type":"WebPage","@id":"http:\/\/www.pyjama-orangerie.com\/blog\/paiement-securise","url":"http:\/\/www.pyjama-orangerie.com\/blog\/paiement-securise","name":"Paiement s\u00e9curis\u00e9 - L&#039;orangerie","isPartOf":{"@id":"https:\/\/www.pyjama-orangerie.com\/blog\/#website"},"datePublished":"2010-09-07T12:24:53+00:00","dateModified":"2013-05-29T09:26:10+00:00","breadcrumb":{"@id":"http:\/\/www.pyjama-orangerie.com\/blog\/paiement-securise#breadcrumb"},"inLanguage":"fr-FR","potentialAction":[{"@type":"ReadAction","target":["http:\/\/www.pyjama-orangerie.com\/blog\/paiement-securise"]}]},{"@type":"BreadcrumbList","@id":"http:\/\/www.pyjama-orangerie.com\/blog\/paiement-securise#breadcrumb","itemListElement":[{"@type":"ListItem","position":1,"name":"Accueil","item":"https:\/\/www.pyjama-orangerie.com\/blog"},{"@type":"ListItem","position":2,"name":"Paiement s\u00e9curis\u00e9"}]},{"@type":"WebSite","@id":"https:\/\/www.pyjama-orangerie.com\/blog\/#website","url":"https:\/\/www.pyjama-orangerie.com\/blog\/","name":"L&#039;orangerie","description":"","potentialAction":[{"@type":"SearchAction","target":{"@type":"EntryPoint","urlTemplate":"https:\/\/www.pyjama-orangerie.com\/blog\/?s={search_term_string}"},"query-input":"required name=search_term_string"}],"inLanguage":"fr-FR"}]}},"_links":{"self":[{"href":"http:\/\/www.pyjama-orangerie.com\/blog\/wp-json\/wp\/v2\/pages\/69"}],"collection":[{"href":"http:\/\/www.pyjama-orangerie.com\/blog\/wp-json\/wp\/v2\/pages"}],"about":[{"href":"http:\/\/www.pyjama-orangerie.com\/blog\/wp-json\/wp\/v2\/types\/page"}],"author":[{"embeddable":true,"href":"http:\/\/www.pyjama-orangerie.com\/blog\/wp-json\/wp\/v2\/users\/1"}],"replies":[{"embeddable":true,"href":"http:\/\/www.pyjama-orangerie.com\/blog\/wp-json\/wp\/v2\/comments?post=69"}],"version-history":[{"count":22,"href":"http:\/\/www.pyjama-orangerie.com\/blog\/wp-json\/wp\/v2\/pages\/69\/revisions"}],"predecessor-version":[{"id":145,"href":"http:\/\/www.pyjama-orangerie.com\/blog\/wp-json\/wp\/v2\/pages\/69\/revisions\/145"}],"wp:attachment":[{"href":"http:\/\/www.pyjama-orangerie.com\/blog\/wp-json\/wp\/v2\/media?parent=69"}],"curies":[{"name":"wp","href":"https:\/\/api.w.org\/{rel}","templated":true}]}}